{"id":66,"date":"2025-08-07T12:30:56","date_gmt":"2025-08-07T12:30:56","guid":{"rendered":"https:\/\/sbi.bw-media.saarland\/?page_id=66"},"modified":"2025-08-25T10:00:37","modified_gmt":"2025-08-25T10:00:37","slug":"feuchtigkeitsschaeden","status":"publish","type":"page","link":"https:\/\/sbi.bw-media.saarland\/?page_id=66","title":{"rendered":"Feuchtigkeitssch\u00e4den"},"content":{"rendered":"<div class=\"\" style=\"\" >\n    \n    <section class=\"u-clearfix u-valign-top-lg u-valign-top-md u-valign-top-sm u-valign-top-xs u-section-2\" id=\"block-1\">\n      <img decoding=\"async\" class=\"u-expanded-width u-image u-image-default u-image-1\" src=\"https:\/\/sbi.bw-media.saarland\/wp-content\/uploads\/2025\/08\/sbi_schimmelbekaempfung.jpg\" alt=\"\" data-image-width=\"1902\" data-image-height=\"314\">\n      <h1 class=\"u-align-center u-text u-text-grey-15 u-text-1\">Sanierung von Feuchtigkeitssch\u00e4den <\/h1>\n      <p class=\"u-text u-text-default u-text-white u-text-2\">Unser Spezialgebiet<\/p>\n      <img decoding=\"async\" class=\"u-expanded-width u-image u-image-default u-image-2\" src=\"https:\/\/sbi.bw-media.saarland\/wp-content\/uploads\/2025\/08\/photo-1694378060976-66ee61c4f427-3.jpeg\" alt=\"\" data-image-width=\"1080\" data-image-height=\"706\">\n      <h5 class=\"u-align-center u-text u-text-custom-color-3 u-text-3\"> SBI GmbH Roland Ke\u00dfler&nbsp;<b>|<\/b>&nbsp;Poststrasse 15&nbsp;<b>|<\/b>&nbsp;66822 Lebach&nbsp;<b>|<\/b>&nbsp;06881 \/ 9627070 | B\u00fcro von 8:00 Uhr - 12:00 Uhr<br>\n      <\/h5>\n      <h1 class=\"u-text u-text-custom-color-2 u-text-4\"> Sanierung von Feuchtigkeitssch\u00e4den <\/h1>\n    <\/section>\n    <section class=\"u-clearfix u-container-align-center u-section-3\" id=\"block-2\">\n      <div class=\"u-clearfix u-sheet u-valign-top-lg u-valign-top-md u-valign-top-sm u-valign-top-xs u-sheet-1\">\n        <p class=\"u-text u-text-default u-text-1\"> Der Alptraum vieler Hausbesitzers, nasse W\u00e4nde und feuchte Keller m\u00fcssen direkt beseitigt werden. <br>\n          <br>Nur ein Fachbetrieb wie wir verf\u00fcgt \u00fcber die erforderliche Messtechnik diese Sch\u00e4den zu beurteilen und fachgerecht zu beseitigen um dauerhaft weitere Sch\u00e4den zu vermeiden. <br>\n          <br>Vor allem in \u00e4lteren Geb\u00e4uden, aber auch im Neubau muss gekl\u00e4rt werden, ob es sich um eines der folgenden Probleme handelt: <br>\n          <br>aufsteigende oder seitlich eindringende Feuchtigkeit, <br>bei Unterkellerung eindringendes Wasser (Druckwasser, Schichtwasser), <br>Taupunkt am Mauerwerk (Kondenswasser), <br>hygroskopische N\u00e4sse durch Salzeinwirkungen. <br>Eine Reihe von Sch\u00e4den die auftreten k\u00f6nnen w\u00e4ren z.B. Steinzerst\u00f6rung, M\u00f6rtelverfall, Putz- und Farbanstrichabsprengungen, Salzausbl\u00fchungen, schlechtes Wohnklima, Geruchsbel\u00e4stigung, erh\u00f6hte Heizkosten und vor allem eine Gesundheitsgef\u00e4hrdung durch Schimmelpilzbildung. Auch die Grundlage f\u00fcr das entstehen eines \"Echten Hausschwamms\" sind gegeben. <br>\n          <br>Diese Sch\u00e4den k\u00f6nnen wir mit verschiedenen Verfahren dauerhaft beseitigen. Alternativ besteht auch die M\u00f6glichkeit das Mauerwerk von aussen freizulegen und die erdber\u00fchrte Aussenwandabdichtung zu erneuern. <br>\n          <br>Als Fachbetrieb garantieren wir ihnen eine optimale Schadensanalyse und eine dauerhafte Sanierungsl\u00f6sung. <br>\n          <br>Der Alptraum vieler Hausbesitzers, nasse W\u00e4nde und feuchte Keller m\u00fcssen direkt beseitigt werden. <br>\n          <br>Nur ein Fachbetrieb wie wir verf\u00fcgt \u00fcber die erforderliche Messtechnik diese Sch\u00e4den zu beurteilen und fachgerecht zu beseitigen um dauerhaft weitere Sch\u00e4den zu vermeiden. <br>\n          <br>Vor allem in \u00e4lteren Geb\u00e4uden, aber auch im Neubau muss gekl\u00e4rt werden, ob es sich um eines der folgenden Probleme handelt: <br>\n          <br>aufsteigende oder seitlich eindringende Feuchtigkeit, <br>bei Unterkellerung eindringendes Wasser (Druckwasser, Schichtwasser), <br>Taupunkt am Mauerwerk (Kondenswasser), <br>hygroskopische N\u00e4sse durch Salzeinwirkungen. <br>Eine Reihe von Sch\u00e4den die auftreten k\u00f6nnen w\u00e4ren z.B. Steinzerst\u00f6rung, M\u00f6rtelverfall, Putz- und Farbanstrichabsprengungen, Salzausbl\u00fchungen, schlechtes Wohnklima, Geruchsbel\u00e4stigung, erh\u00f6hte Heizkosten und vor allem eine Gesundheitsgef\u00e4hrdung durch Schimmelpilzbildung. Auch die Grundlage f\u00fcr das entstehen eines \"Echten Hausschwamms\" sind gegeben. <br>\n          <br>Diese Sch\u00e4den k\u00f6nnen wir mit verschiedenen Verfahren dauerhaft beseitigen. Alternativ besteht auch die M\u00f6glichkeit das Mauerwerk von aussen freizulegen und die erdber\u00fchrte Aussenwandabdichtung zu erneuern. <br>\n          <br>Als Fachbetrieb garantieren wir ihnen eine optimale Schadensanalyse und eine dauerhafte Sanierungsl\u00f6sung. <br>\n          <br>\n        <\/p>\n      <\/div>\n    <\/section>\n    <section class=\"u-clearfix u-gradient u-image u-section-4\" id=\"block-4\" style=\"background-image: url(&quot;https:\/\/sbi.bw-media.saarland\/wp-content\/uploads\/2025\/08\/photo-1694378060976-66ee61c4f427-4.jpeg&quot;), linear-gradient(rgb(179, 179, 179), rgb(179, 179, 179));\">\n      <div class=\"u-clearfix u-sheet u-valign-middle-lg u-valign-middle-md u-valign-middle-sm u-valign-middle-xs u-sheet-1\">\n        <div class=\"u-expanded-width u-gallery u-layout-grid u-lightbox u-show-text-on-hover u-gallery-1\">\n          <div class=\"u-gallery-inner u-gallery-inner-1\">\n            <div class=\"u-effect-fade u-gallery-item\">\n              <div class=\"u-back-slide\" data-image-width=\"1200\" data-image-height=\"900\">\n                <img decoding=\"async\" class=\"u-back-image u-expanded\" src=\"https:\/\/sbi.bw-media.saarland\/wp-content\/uploads\/2025\/08\/schimmel_3.jpg\">\n              <\/div>\n              <div class=\"u-over-slide u-shading u-over-slide-1\"><\/div>\n            <\/div>\n            <div class=\"u-effect-fade u-gallery-item\">\n              <div class=\"u-back-slide\" data-image-width=\"1200\" data-image-height=\"900\">\n                <img decoding=\"async\" class=\"u-back-image u-expanded\" src=\"https:\/\/sbi.bw-media.saarland\/wp-content\/uploads\/2025\/08\/schimmel_6.jpg\">\n              <\/div>\n              <div class=\"u-over-slide u-shading u-over-slide-2\"><\/div>\n            <\/div>\n            <div class=\"u-effect-fade u-gallery-item\">\n              <div class=\"u-back-slide\" data-image-width=\"1200\" data-image-height=\"900\">\n                <img decoding=\"async\" class=\"u-back-image u-expanded\" src=\"https:\/\/sbi.bw-media.saarland\/wp-content\/uploads\/2025\/08\/schimmel_5.jpg\">\n              <\/div>\n              <div class=\"u-over-slide u-shading u-over-slide-3\"><\/div>\n            <\/div>\n          <\/div>\n        <\/div>\n      <\/div>\n    <\/section>\n    <section class=\"u-clearfix u-container-align-center u-gradient u-image u-section-5\" id=\"block-5\" style=\"background-image: url(&quot;https:\/\/sbi.bw-media.saarland\/wp-content\/uploads\/2025\/08\/photo-1694378060976-66ee61c4f427-5.jpeg&quot;), linear-gradient(rgb(179, 179, 179), rgb(179, 179, 179));\">\n      <div class=\"u-clearfix u-sheet u-valign-middle-lg u-valign-middle-md u-valign-middle-sm u-valign-middle-xs u-sheet-1\">\n        <div class=\"u-expanded-width u-gallery u-layout-grid u-lightbox u-show-text-on-hover u-gallery-1\">\n          <div class=\"u-gallery-inner u-gallery-inner-1\">\n            <div class=\"u-effect-fade u-gallery-item\">\n              <div class=\"u-back-slide\" data-image-width=\"305\" data-image-height=\"203\">\n                <img decoding=\"async\" class=\"u-back-image u-expanded\" src=\"https:\/\/sbi.bw-media.saarland\/wp-content\/uploads\/2025\/08\/Foto2-1.jpg\">\n              <\/div>\n              <div class=\"u-over-slide u-shading u-over-slide-1\"><\/div>\n            <\/div>\n            <div class=\"u-effect-fade u-gallery-item\">\n              <div class=\"u-back-slide\" data-image-width=\"1200\" data-image-height=\"900\">\n                <img decoding=\"async\" class=\"u-back-image u-expanded\" src=\"https:\/\/sbi.bw-media.saarland\/wp-content\/uploads\/2025\/08\/schimmel_1.jpg\">\n              <\/div>\n              <div class=\"u-over-slide u-shading u-over-slide-2\"><\/div>\n            <\/div>\n            <div class=\"u-effect-fade u-gallery-item\">\n              <div class=\"u-back-slide\" data-image-width=\"1200\" data-image-height=\"900\">\n                <img decoding=\"async\" class=\"u-back-image u-expanded\" src=\"https:\/\/sbi.bw-media.saarland\/wp-content\/uploads\/2025\/08\/schimmel_4.jpg\">\n              <\/div>\n              <div class=\"u-over-slide u-shading u-over-slide-3\"><\/div>\n            <\/div>\n          <\/div>\n        <\/div>\n      <\/div>\n    <\/section>\n    \n    \n    \n    \n  \n<\/div>","protected":false},"excerpt":{"rendered":"<p>Sanierung von Feuchtigkeitssch\u00e4den Unser Spezialgebiet SBI GmbH Roland Ke\u00dfler&nbsp;|&nbsp;Poststrasse 15&nbsp;|&nbsp;66822 Lebach&nbsp;|&nbsp;06881 \/ 9627070 | B\u00fcro von 8:00 Uhr &#8211; 12:00 Uhr Sanierung von Feuchtigkeitssch\u00e4den Der Alptraum vieler Hausbesitzers, nasse W\u00e4nde und feuchte Keller m\u00fcssen direkt beseitigt werden. Nur ein Fachbetrieb wie wir verf\u00fcgt \u00fcber die erforderliche Messtechnik diese Sch\u00e4den zu beurteilen und fachgerecht zu beseitigen [&hellip;]<\/p>\n","protected":false},"author":2,"featured_media":0,"parent":0,"menu_order":0,"comment_status":"closed","ping_status":"closed","template":"","meta":{"footnotes":""},"class_list":["post-66","page","type-page","status-publish","hentry"],"yoast_head":"<!-- This site is optimized with the Yoast SEO plugin v25.6 - https:\/\/yoast.com\/wordpress\/plugins\/seo\/ -->\n<title>Feuchtigkeitssch\u00e4den - SBI<\/title>\n<meta name=\"robots\" content=\"index, follow, max-snippet:-1, max-image-preview:large, max-video-preview:-1\" \/>\n<link rel=\"canonical\" href=\"https:\/\/sbi.bw-media.saarland\/?page_id=66\" \/>\n<meta property=\"og:locale\" content=\"de_DE\" \/>\n<meta property=\"og:type\" content=\"article\" \/>\n<meta property=\"og:title\" content=\"Feuchtigkeitssch\u00e4den - SBI\" \/>\n<meta property=\"og:description\" content=\"Sanierung von Feuchtigkeitssch\u00e4den Unser Spezialgebiet SBI GmbH Roland Ke\u00dfler&nbsp;|&nbsp;Poststrasse 15&nbsp;|&nbsp;66822 Lebach&nbsp;|&nbsp;06881 \/ 9627070 | B\u00fcro von 8:00 Uhr - 12:00 Uhr Sanierung von Feuchtigkeitssch\u00e4den Der Alptraum vieler Hausbesitzers, nasse W\u00e4nde und feuchte Keller m\u00fcssen direkt beseitigt werden. Nur ein Fachbetrieb wie wir verf\u00fcgt \u00fcber die erforderliche Messtechnik diese Sch\u00e4den zu beurteilen und fachgerecht zu beseitigen [&hellip;]\" \/>\n<meta property=\"og:url\" content=\"https:\/\/sbi.bw-media.saarland\/?page_id=66\" \/>\n<meta property=\"og:site_name\" content=\"SBI\" \/>\n<meta property=\"article:modified_time\" content=\"2025-08-25T10:00:37+00:00\" \/>\n<meta name=\"twitter:card\" content=\"summary_large_image\" \/>\n<script type=\"application\/ld+json\" class=\"yoast-schema-graph\">{\"@context\":\"https:\/\/schema.org\",\"@graph\":[{\"@type\":\"WebPage\",\"@id\":\"https:\/\/sbi.bw-media.saarland\/?page_id=66\",\"url\":\"https:\/\/sbi.bw-media.saarland\/?page_id=66\",\"name\":\"Feuchtigkeitssch\u00e4den - SBI\",\"isPartOf\":{\"@id\":\"https:\/\/sbi.bw-media.saarland\/#website\"},\"datePublished\":\"2025-08-07T12:30:56+00:00\",\"dateModified\":\"2025-08-25T10:00:37+00:00\",\"breadcrumb\":{\"@id\":\"https:\/\/sbi.bw-media.saarland\/?page_id=66#breadcrumb\"},\"inLanguage\":\"de\",\"potentialAction\":[{\"@type\":\"ReadAction\",\"target\":[\"https:\/\/sbi.bw-media.saarland\/?page_id=66\"]}]},{\"@type\":\"BreadcrumbList\",\"@id\":\"https:\/\/sbi.bw-media.saarland\/?page_id=66#breadcrumb\",\"itemListElement\":[{\"@type\":\"ListItem\",\"position\":1,\"name\":\"Startseite\",\"item\":\"https:\/\/sbi.bw-media.saarland\/\"},{\"@type\":\"ListItem\",\"position\":2,\"name\":\"Feuchtigkeitssch\u00e4den\"}]},{\"@type\":\"WebSite\",\"@id\":\"https:\/\/sbi.bw-media.saarland\/#website\",\"url\":\"https:\/\/sbi.bw-media.saarland\/\",\"name\":\"SBI\",\"description\":\"\",\"potentialAction\":[{\"@type\":\"SearchAction\",\"target\":{\"@type\":\"EntryPoint\",\"urlTemplate\":\"https:\/\/sbi.bw-media.saarland\/?s={search_term_string}\"},\"query-input\":{\"@type\":\"PropertyValueSpecification\",\"valueRequired\":true,\"valueName\":\"search_term_string\"}}],\"inLanguage\":\"de\"}]}<\/script>\n<!-- \/ Yoast SEO plugin. -->","yoast_head_json":{"title":"Feuchtigkeitssch\u00e4den - SBI","robots":{"index":"index","follow":"follow","max-snippet":"max-snippet:-1","max-image-preview":"max-image-preview:large","max-video-preview":"max-video-preview:-1"},"canonical":"https:\/\/sbi.bw-media.saarland\/?page_id=66","og_locale":"de_DE","og_type":"article","og_title":"Feuchtigkeitssch\u00e4den - SBI","og_description":"Sanierung von Feuchtigkeitssch\u00e4den Unser Spezialgebiet SBI GmbH Roland Ke\u00dfler&nbsp;|&nbsp;Poststrasse 15&nbsp;|&nbsp;66822 Lebach&nbsp;|&nbsp;06881 \/ 9627070 | B\u00fcro von 8:00 Uhr - 12:00 Uhr Sanierung von Feuchtigkeitssch\u00e4den Der Alptraum vieler Hausbesitzers, nasse W\u00e4nde und feuchte Keller m\u00fcssen direkt beseitigt werden. Nur ein Fachbetrieb wie wir verf\u00fcgt \u00fcber die erforderliche Messtechnik diese Sch\u00e4den zu beurteilen und fachgerecht zu beseitigen [&hellip;]","og_url":"https:\/\/sbi.bw-media.saarland\/?page_id=66","og_site_name":"SBI","article_modified_time":"2025-08-25T10:00:37+00:00","twitter_card":"summary_large_image","schema":{"@context":"https:\/\/schema.org","@graph":[{"@type":"WebPage","@id":"https:\/\/sbi.bw-media.saarland\/?page_id=66","url":"https:\/\/sbi.bw-media.saarland\/?page_id=66","name":"Feuchtigkeitssch\u00e4den - SBI","isPartOf":{"@id":"https:\/\/sbi.bw-media.saarland\/#website"},"datePublished":"2025-08-07T12:30:56+00:00","dateModified":"2025-08-25T10:00:37+00:00","breadcrumb":{"@id":"https:\/\/sbi.bw-media.saarland\/?page_id=66#breadcrumb"},"inLanguage":"de","potentialAction":[{"@type":"ReadAction","target":["https:\/\/sbi.bw-media.saarland\/?page_id=66"]}]},{"@type":"BreadcrumbList","@id":"https:\/\/sbi.bw-media.saarland\/?page_id=66#breadcrumb","itemListElement":[{"@type":"ListItem","position":1,"name":"Startseite","item":"https:\/\/sbi.bw-media.saarland\/"},{"@type":"ListItem","position":2,"name":"Feuchtigkeitssch\u00e4den"}]},{"@type":"WebSite","@id":"https:\/\/sbi.bw-media.saarland\/#website","url":"https:\/\/sbi.bw-media.saarland\/","name":"SBI","description":"","potentialAction":[{"@type":"SearchAction","target":{"@type":"EntryPoint","urlTemplate":"https:\/\/sbi.bw-media.saarland\/?s={search_term_string}"},"query-input":{"@type":"PropertyValueSpecification","valueRequired":true,"valueName":"search_term_string"}}],"inLanguage":"de"}]}},"_links":{"self":[{"href":"https:\/\/sbi.bw-media.saarland\/index.php?rest_route=\/wp\/v2\/pages\/66","targetHints":{"allow":["GET"]}}],"collection":[{"href":"https:\/\/sbi.bw-media.saarland\/index.php?rest_route=\/wp\/v2\/pages"}],"about":[{"href":"https:\/\/sbi.bw-media.saarland\/index.php?rest_route=\/wp\/v2\/types\/page"}],"author":[{"embeddable":true,"href":"https:\/\/sbi.bw-media.saarland\/index.php?rest_route=\/wp\/v2\/users\/2"}],"replies":[{"embeddable":true,"href":"https:\/\/sbi.bw-media.saarland\/index.php?rest_route=%2Fwp%2Fv2%2Fcomments&post=66"}],"version-history":[{"count":6,"href":"https:\/\/sbi.bw-media.saarland\/index.php?rest_route=\/wp\/v2\/pages\/66\/revisions"}],"predecessor-version":[{"id":351,"href":"https:\/\/sbi.bw-media.saarland\/index.php?rest_route=\/wp\/v2\/pages\/66\/revisions\/351"}],"wp:attachment":[{"href":"https:\/\/sbi.bw-media.saarland\/index.php?rest_route=%2Fwp%2Fv2%2Fmedia&parent=66"}],"curies":[{"name":"wp","href":"https:\/\/api.w.org\/{rel}","templated":true}]}}