{"id":179,"date":"2025-08-08T07:21:39","date_gmt":"2025-08-08T07:21:39","guid":{"rendered":"https:\/\/sbi.bw-media.saarland\/?page_id=179"},"modified":"2025-08-25T10:01:21","modified_gmt":"2025-08-25T10:01:21","slug":"garten-u-landschaftsbau","status":"publish","type":"page","link":"https:\/\/sbi.bw-media.saarland\/?page_id=179","title":{"rendered":"Garten u landschaftsbau"},"content":{"rendered":"<div class=\"\" style=\"\" >\n    \n    <section class=\"u-clearfix u-section-2\" id=\"block-1\">\n      <img decoding=\"async\" class=\"u-expanded-width u-image u-image-default u-image-1\" src=\"https:\/\/sbi.bw-media.saarland\/wp-content\/uploads\/2025\/08\/garten-und-landschaftsbau-header.jpg\" alt=\"\" data-image-width=\"1269\" data-image-height=\"314\">\n      <h1 class=\"u-text u-text-default u-text-white u-text-1\">Garten und La\u200bndschaftsbau<\/h1>\n      <p class=\"u-text u-text-default u-text-white u-text-2\">Wenn\u00b4s sch\u00f6n werden soll<\/p>\n      <img decoding=\"async\" class=\"u-expanded-width u-image u-image-default u-image-2\" src=\"https:\/\/sbi.bw-media.saarland\/wp-content\/uploads\/2025\/08\/photo-1694378060976-66ee61c4f427-3.jpeg\" alt=\"\" data-image-width=\"1080\" data-image-height=\"706\">\n      <h5 class=\"u-align-center u-text u-text-custom-color-3 u-text-3\"> SBI GmbH Roland Ke\u00dfler&nbsp;<b>|<\/b>&nbsp;Poststrasse 15&nbsp;<b>|<\/b>&nbsp;66822 Lebach&nbsp;<b>|<\/b>&nbsp;06881 \/ 9627070 | B\u00fcro von 8:00 Uhr - 12:00 Uhr<br>\n      <\/h5>\n      <h1 class=\"u-text u-text-custom-color-4 u-text-default u-text-4\"> Garten und Landschaftsbau<\/h1>\n      <img decoding=\"async\" class=\"u-image u-image-default u-image-3\" src=\"https:\/\/sbi.bw-media.saarland\/wp-content\/uploads\/2025\/08\/garten_1.jpg\" alt=\"\" data-image-width=\"1200\" data-image-height=\"900\">\n      <p class=\"u-text u-text-5\"> Klassisch gesehen ist der GaLaBau die Umgestaltung von Gartenanlagen.<br>\n        <br>Schwerpunktm\u00e4\u00dfig zu diesem Gesch\u00e4ftszweig errichten wir Baugruben mit firmeneigenen LKW#s, Baggern, Radlader und sonstigen Baumaschinen um die defekte Auswandabdichtung zu erreichen und diese erneuern. Dabei werden gleichzeitig die Drainage und eventl vorhandene Kan\u00e4le sowie Lichtsch\u00e4chte erneuert. Auch ein nicht vorhandener Spritzwasserschutz kann hierbei noch ausgef\u00fchrt werden.<br>\n        <br>Oft m\u00fcssen bei diesen Erdarbeiten vorhandene Treppenanlagen, Gehwege, Mauern etc r\u00fcckgebaut werden. Diese werden nach erfolgter Sanierung wieder von uns, auch nach Ihren W\u00fcnschen, wieder aufgebaut\/erneuert.\n      <\/p>\n    <\/section>\n    <section class=\"u-clearfix u-valign-bottom u-section-3\" id=\"block-2\">\n      <img decoding=\"async\" class=\"u-image u-image-default u-image-1\" src=\"https:\/\/sbi.bw-media.saarland\/wp-content\/uploads\/2025\/08\/garten_2-2.jpg\" alt=\"\" data-image-width=\"1200\" data-image-height=\"900\">\n      <img decoding=\"async\" class=\"u-expanded-width u-image u-image-default u-image-2\" src=\"https:\/\/sbi.bw-media.saarland\/wp-content\/uploads\/2025\/08\/photo-1694378060976-66ee61c4f427-3.jpeg\" alt=\"\" data-image-width=\"1080\" data-image-height=\"706\">\n    <\/section>\n    \n    \n    \n    \n  \n<\/div>","protected":false},"excerpt":{"rendered":"<p>Garten und La\u200bndschaftsbau Wenn\u00b4s sch\u00f6n werden soll SBI GmbH Roland Ke\u00dfler&nbsp;|&nbsp;Poststrasse 15&nbsp;|&nbsp;66822 Lebach&nbsp;|&nbsp;06881 \/ 9627070 | B\u00fcro von 8:00 Uhr &#8211; 12:00 Uhr Garten und Landschaftsbau Klassisch gesehen ist der GaLaBau die Umgestaltung von Gartenanlagen. Schwerpunktm\u00e4\u00dfig zu diesem Gesch\u00e4ftszweig errichten wir Baugruben mit firmeneigenen LKW#s, Baggern, Radlader und sonstigen Baumaschinen um die defekte Auswandabdichtung zu [&hellip;]<\/p>\n","protected":false},"author":2,"featured_media":0,"parent":0,"menu_order":0,"comment_status":"closed","ping_status":"closed","template":"","meta":{"footnotes":""},"class_list":["post-179","page","type-page","status-publish","hentry"],"yoast_head":"<!-- This site is optimized with the Yoast SEO plugin v25.6 - https:\/\/yoast.com\/wordpress\/plugins\/seo\/ -->\n<title>Garten u landschaftsbau - SBI<\/title>\n<meta name=\"robots\" content=\"index, follow, max-snippet:-1, max-image-preview:large, max-video-preview:-1\" \/>\n<link rel=\"canonical\" href=\"https:\/\/sbi.bw-media.saarland\/?page_id=179\" \/>\n<meta property=\"og:locale\" content=\"de_DE\" \/>\n<meta property=\"og:type\" content=\"article\" \/>\n<meta property=\"og:title\" content=\"Garten u landschaftsbau - SBI\" \/>\n<meta property=\"og:description\" content=\"Garten und La\u200bndschaftsbau Wenn\u00b4s sch\u00f6n werden soll SBI GmbH Roland Ke\u00dfler&nbsp;|&nbsp;Poststrasse 15&nbsp;|&nbsp;66822 Lebach&nbsp;|&nbsp;06881 \/ 9627070 | B\u00fcro von 8:00 Uhr - 12:00 Uhr Garten und Landschaftsbau Klassisch gesehen ist der GaLaBau die Umgestaltung von Gartenanlagen. Schwerpunktm\u00e4\u00dfig zu diesem Gesch\u00e4ftszweig errichten wir Baugruben mit firmeneigenen LKW#s, Baggern, Radlader und sonstigen Baumaschinen um die defekte Auswandabdichtung zu [&hellip;]\" \/>\n<meta property=\"og:url\" content=\"https:\/\/sbi.bw-media.saarland\/?page_id=179\" \/>\n<meta property=\"og:site_name\" content=\"SBI\" \/>\n<meta property=\"article:modified_time\" content=\"2025-08-25T10:01:21+00:00\" \/>\n<meta name=\"twitter:card\" content=\"summary_large_image\" \/>\n<meta name=\"twitter:label1\" content=\"Gesch\u00e4tzte Lesezeit\" \/>\n\t<meta name=\"twitter:data1\" content=\"1\u00a0Minute\" \/>\n<script type=\"application\/ld+json\" class=\"yoast-schema-graph\">{\"@context\":\"https:\/\/schema.org\",\"@graph\":[{\"@type\":\"WebPage\",\"@id\":\"https:\/\/sbi.bw-media.saarland\/?page_id=179\",\"url\":\"https:\/\/sbi.bw-media.saarland\/?page_id=179\",\"name\":\"Garten u landschaftsbau - SBI\",\"isPartOf\":{\"@id\":\"https:\/\/sbi.bw-media.saarland\/#website\"},\"datePublished\":\"2025-08-08T07:21:39+00:00\",\"dateModified\":\"2025-08-25T10:01:21+00:00\",\"breadcrumb\":{\"@id\":\"https:\/\/sbi.bw-media.saarland\/?page_id=179#breadcrumb\"},\"inLanguage\":\"de\",\"potentialAction\":[{\"@type\":\"ReadAction\",\"target\":[\"https:\/\/sbi.bw-media.saarland\/?page_id=179\"]}]},{\"@type\":\"BreadcrumbList\",\"@id\":\"https:\/\/sbi.bw-media.saarland\/?page_id=179#breadcrumb\",\"itemListElement\":[{\"@type\":\"ListItem\",\"position\":1,\"name\":\"Startseite\",\"item\":\"https:\/\/sbi.bw-media.saarland\/\"},{\"@type\":\"ListItem\",\"position\":2,\"name\":\"Garten u landschaftsbau\"}]},{\"@type\":\"WebSite\",\"@id\":\"https:\/\/sbi.bw-media.saarland\/#website\",\"url\":\"https:\/\/sbi.bw-media.saarland\/\",\"name\":\"SBI\",\"description\":\"\",\"potentialAction\":[{\"@type\":\"SearchAction\",\"target\":{\"@type\":\"EntryPoint\",\"urlTemplate\":\"https:\/\/sbi.bw-media.saarland\/?s={search_term_string}\"},\"query-input\":{\"@type\":\"PropertyValueSpecification\",\"valueRequired\":true,\"valueName\":\"search_term_string\"}}],\"inLanguage\":\"de\"}]}<\/script>\n<!-- \/ Yoast SEO plugin. -->","yoast_head_json":{"title":"Garten u landschaftsbau - SBI","robots":{"index":"index","follow":"follow","max-snippet":"max-snippet:-1","max-image-preview":"max-image-preview:large","max-video-preview":"max-video-preview:-1"},"canonical":"https:\/\/sbi.bw-media.saarland\/?page_id=179","og_locale":"de_DE","og_type":"article","og_title":"Garten u landschaftsbau - SBI","og_description":"Garten und La\u200bndschaftsbau Wenn\u00b4s sch\u00f6n werden soll SBI GmbH Roland Ke\u00dfler&nbsp;|&nbsp;Poststrasse 15&nbsp;|&nbsp;66822 Lebach&nbsp;|&nbsp;06881 \/ 9627070 | B\u00fcro von 8:00 Uhr - 12:00 Uhr Garten und Landschaftsbau Klassisch gesehen ist der GaLaBau die Umgestaltung von Gartenanlagen. Schwerpunktm\u00e4\u00dfig zu diesem Gesch\u00e4ftszweig errichten wir Baugruben mit firmeneigenen LKW#s, Baggern, Radlader und sonstigen Baumaschinen um die defekte Auswandabdichtung zu [&hellip;]","og_url":"https:\/\/sbi.bw-media.saarland\/?page_id=179","og_site_name":"SBI","article_modified_time":"2025-08-25T10:01:21+00:00","twitter_card":"summary_large_image","twitter_misc":{"Gesch\u00e4tzte Lesezeit":"1\u00a0Minute"},"schema":{"@context":"https:\/\/schema.org","@graph":[{"@type":"WebPage","@id":"https:\/\/sbi.bw-media.saarland\/?page_id=179","url":"https:\/\/sbi.bw-media.saarland\/?page_id=179","name":"Garten u landschaftsbau - SBI","isPartOf":{"@id":"https:\/\/sbi.bw-media.saarland\/#website"},"datePublished":"2025-08-08T07:21:39+00:00","dateModified":"2025-08-25T10:01:21+00:00","breadcrumb":{"@id":"https:\/\/sbi.bw-media.saarland\/?page_id=179#breadcrumb"},"inLanguage":"de","potentialAction":[{"@type":"ReadAction","target":["https:\/\/sbi.bw-media.saarland\/?page_id=179"]}]},{"@type":"BreadcrumbList","@id":"https:\/\/sbi.bw-media.saarland\/?page_id=179#breadcrumb","itemListElement":[{"@type":"ListItem","position":1,"name":"Startseite","item":"https:\/\/sbi.bw-media.saarland\/"},{"@type":"ListItem","position":2,"name":"Garten u landschaftsbau"}]},{"@type":"WebSite","@id":"https:\/\/sbi.bw-media.saarland\/#website","url":"https:\/\/sbi.bw-media.saarland\/","name":"SBI","description":"","potentialAction":[{"@type":"SearchAction","target":{"@type":"EntryPoint","urlTemplate":"https:\/\/sbi.bw-media.saarland\/?s={search_term_string}"},"query-input":{"@type":"PropertyValueSpecification","valueRequired":true,"valueName":"search_term_string"}}],"inLanguage":"de"}]}},"_links":{"self":[{"href":"https:\/\/sbi.bw-media.saarland\/index.php?rest_route=\/wp\/v2\/pages\/179","targetHints":{"allow":["GET"]}}],"collection":[{"href":"https:\/\/sbi.bw-media.saarland\/index.php?rest_route=\/wp\/v2\/pages"}],"about":[{"href":"https:\/\/sbi.bw-media.saarland\/index.php?rest_route=\/wp\/v2\/types\/page"}],"author":[{"embeddable":true,"href":"https:\/\/sbi.bw-media.saarland\/index.php?rest_route=\/wp\/v2\/users\/2"}],"replies":[{"embeddable":true,"href":"https:\/\/sbi.bw-media.saarland\/index.php?rest_route=%2Fwp%2Fv2%2Fcomments&post=179"}],"version-history":[{"count":6,"href":"https:\/\/sbi.bw-media.saarland\/index.php?rest_route=\/wp\/v2\/pages\/179\/revisions"}],"predecessor-version":[{"id":324,"href":"https:\/\/sbi.bw-media.saarland\/index.php?rest_route=\/wp\/v2\/pages\/179\/revisions\/324"}],"wp:attachment":[{"href":"https:\/\/sbi.bw-media.saarland\/index.php?rest_route=%2Fwp%2Fv2%2Fmedia&parent=179"}],"curies":[{"name":"wp","href":"https:\/\/api.w.org\/{rel}","templated":true}]}}