{"id":157,"date":"2025-08-08T06:46:48","date_gmt":"2025-08-08T06:46:48","guid":{"rendered":"https:\/\/sbi.bw-media.saarland\/?page_id=157"},"modified":"2025-08-25T10:03:43","modified_gmt":"2025-08-25T10:03:43","slug":"mauer-u-keller-trocknung","status":"publish","type":"page","link":"https:\/\/sbi.bw-media.saarland\/?page_id=157","title":{"rendered":"mauer u keller trocknung"},"content":{"rendered":"<div class=\"\" style=\"\" >\n    \n    <section class=\"u-clearfix u-valign-top-lg u-valign-top-md u-valign-top-sm u-valign-top-xs u-section-2\" id=\"block-1\">\n      <img decoding=\"async\" class=\"u-expanded-width u-image u-image-default u-image-1\" src=\"https:\/\/sbi.bw-media.saarland\/wp-content\/uploads\/2025\/08\/mauerundkellerabdischtung.jpg\" alt=\"\" data-image-width=\"1269\" data-image-height=\"314\">\n      <h1 class=\"u-text u-text-default u-text-white u-text-1\">Mauer und Kellertrockenlegung <\/h1>\n      <p class=\"u-text u-text-default u-text-white u-text-2\">Unser Spezialgebiet <\/p>\n      <img decoding=\"async\" class=\"u-expanded-width u-image u-image-default u-image-2\" src=\"https:\/\/sbi.bw-media.saarland\/wp-content\/uploads\/2025\/08\/photo-1694378060976-66ee61c4f427-3.jpeg\" alt=\"\" data-image-width=\"1080\" data-image-height=\"706\">\n      <h5 class=\"u-align-center u-text u-text-custom-color-3 u-text-3\"> SBI GmbH Roland Ke\u00dfler&nbsp;<b>|<\/b>&nbsp;Poststrasse 15&nbsp;<b>|<\/b>&nbsp;66822 Lebach&nbsp;<b>|<\/b>&nbsp;06881 \/ 9627070 | B\u00fcro von 8:00 Uhr - 12:00 Uhr<br>\n      <\/h5>\n      <h1 class=\"u-text u-text-custom-color-4 u-text-default u-text-4\"> Mauer und Kellertrockenlegung<\/h1>\n      <p class=\"u-text u-text-5\"> Dies sind meist nachtr\u00e4gliche Horizontalsperren und ein Austausch des salzgesch\u00e4digten Putzes. Aufsteigende N\u00e4sse kommt meist schleichend und wird lange Zeit nicht wahrgenommen. Meist kommt der Gedanke an Mauertrocknung erst auf, wenn eine Wand Schimmel aufzeigt. Die Sanierung von feuchtem Mauerwerk ist jedoch f\u00fcr den Erhalt eines Geb\u00e4udes von h\u00f6chster Priorit\u00e4t. Bei der Sanierung werden zur Mauerentfeuchtung viele verschiedene Verfahren eingesetzt. Im ung\u00fcnstigsten Fall wird durch Auftragen von neuem Putz nur die Optik verbessert und damit die Auswirkung kaschiert. Im g\u00fcnstigsten Fall beginnt die Sanierung bei der Mauertrockenlegung | Mauerentfeuchtung . Fragen Sie uns nach der f\u00fcr Sie besten Methode. <br>\n        <br>Dies sind meist nachtr\u00e4gliche Horizontalsperren und ein Austausch des salzgesch\u00e4digten Putzes <br>\n        <br>\n        <br>Nachtr\u00e4gliche Horizontalsperre <br>\n        <br>Eine nachtr\u00e4gliche Horizontalsperre kann mit Druck oder Drucklos (Saugverfahren) erfolgen. <br>\n        <br>Eine breite Palette von verschiedenen Wirkstoffen und Verfahren stehen uns zur Verf\u00fcgung. Welches der Verf <br>ahren f\u00fcr Ihr Objekt sinnvoll und langlebig ist k\u00f6nnen wir erst nach eingehender Untersuchung festlegen. <br>\n        <br>Ein Beispiel einer nachtr\u00e4glichen Horizontalsperre ist das System der K\u00f6ster Bauchemie AG Crisin 76 mit dem patentierten Kapillarstabverfahren. <br>\n        <br>\n        <br>Putzsanierung Hierbei wird der alte salzgesch\u00e4digte Putz vollfl\u00e4chig entfernt , der Untergrund wird vorbereitet und ein Sanierputz aufgetragen (z.B. K\u00f6ster Bauchemie AG Sanierputzsystem ). Nach einer Feuchtereduzierung bzw Trockenlegung sind die Mauerwerke meist noch Feuchtebelastet. Die Sanierputzsysteme erm\u00f6glichen uns eine Schadenfreie Austrocknung, da die herangetragene Schadsalze, ohne den Putz zu sch\u00e4digen, auskristalliesieren.\n      <\/p>\n      <img decoding=\"async\" class=\"u-image u-image-default u-image-3\" src=\"https:\/\/sbi.bw-media.saarland\/wp-content\/uploads\/2025\/08\/trocken_1.jpg\" alt=\"\" data-image-width=\"1200\" data-image-height=\"900\">\n      <img decoding=\"async\" class=\"u-image u-image-default u-image-4\" src=\"https:\/\/sbi.bw-media.saarland\/wp-content\/uploads\/2025\/08\/trocken_2.jpg\" alt=\"\" data-image-width=\"1200\" data-image-height=\"900\">\n      <img decoding=\"async\" class=\"u-expanded-width u-image u-image-default u-image-5\" src=\"https:\/\/sbi.bw-media.saarland\/wp-content\/uploads\/2025\/08\/photo-1694378060976-66ee61c4f427-3.jpeg\" alt=\"\" data-image-width=\"1080\" data-image-height=\"706\">\n    <\/section>\n    \n    \n    \n    \n  \n<\/div>","protected":false},"excerpt":{"rendered":"<p>Mauer und Kellertrockenlegung Unser Spezialgebiet SBI GmbH Roland Ke\u00dfler&nbsp;|&nbsp;Poststrasse 15&nbsp;|&nbsp;66822 Lebach&nbsp;|&nbsp;06881 \/ 9627070 | B\u00fcro von 8:00 Uhr &#8211; 12:00 Uhr Mauer und Kellertrockenlegung Dies sind meist nachtr\u00e4gliche Horizontalsperren und ein Austausch des salzgesch\u00e4digten Putzes. Aufsteigende N\u00e4sse kommt meist schleichend und wird lange Zeit nicht wahrgenommen. Meist kommt der Gedanke an Mauertrocknung erst auf, wenn [&hellip;]<\/p>\n","protected":false},"author":2,"featured_media":0,"parent":0,"menu_order":0,"comment_status":"closed","ping_status":"closed","template":"","meta":{"footnotes":""},"class_list":["post-157","page","type-page","status-publish","hentry"],"yoast_head":"<!-- This site is optimized with the Yoast SEO plugin v25.6 - https:\/\/yoast.com\/wordpress\/plugins\/seo\/ -->\n<title>mauer u keller trocknung - SBI<\/title>\n<meta name=\"robots\" content=\"index, follow, max-snippet:-1, max-image-preview:large, max-video-preview:-1\" \/>\n<link rel=\"canonical\" href=\"https:\/\/sbi.bw-media.saarland\/?page_id=157\" \/>\n<meta property=\"og:locale\" content=\"de_DE\" \/>\n<meta property=\"og:type\" content=\"article\" \/>\n<meta property=\"og:title\" content=\"mauer u keller trocknung - SBI\" \/>\n<meta property=\"og:description\" content=\"Mauer und Kellertrockenlegung Unser Spezialgebiet SBI GmbH Roland Ke\u00dfler&nbsp;|&nbsp;Poststrasse 15&nbsp;|&nbsp;66822 Lebach&nbsp;|&nbsp;06881 \/ 9627070 | B\u00fcro von 8:00 Uhr - 12:00 Uhr Mauer und Kellertrockenlegung Dies sind meist nachtr\u00e4gliche Horizontalsperren und ein Austausch des salzgesch\u00e4digten Putzes. Aufsteigende N\u00e4sse kommt meist schleichend und wird lange Zeit nicht wahrgenommen. Meist kommt der Gedanke an Mauertrocknung erst auf, wenn [&hellip;]\" \/>\n<meta property=\"og:url\" content=\"https:\/\/sbi.bw-media.saarland\/?page_id=157\" \/>\n<meta property=\"og:site_name\" content=\"SBI\" \/>\n<meta property=\"article:modified_time\" content=\"2025-08-25T10:03:43+00:00\" \/>\n<meta name=\"twitter:card\" content=\"summary_large_image\" \/>\n<script type=\"application\/ld+json\" class=\"yoast-schema-graph\">{\"@context\":\"https:\/\/schema.org\",\"@graph\":[{\"@type\":\"WebPage\",\"@id\":\"https:\/\/sbi.bw-media.saarland\/?page_id=157\",\"url\":\"https:\/\/sbi.bw-media.saarland\/?page_id=157\",\"name\":\"mauer u keller trocknung - SBI\",\"isPartOf\":{\"@id\":\"https:\/\/sbi.bw-media.saarland\/#website\"},\"datePublished\":\"2025-08-08T06:46:48+00:00\",\"dateModified\":\"2025-08-25T10:03:43+00:00\",\"breadcrumb\":{\"@id\":\"https:\/\/sbi.bw-media.saarland\/?page_id=157#breadcrumb\"},\"inLanguage\":\"de\",\"potentialAction\":[{\"@type\":\"ReadAction\",\"target\":[\"https:\/\/sbi.bw-media.saarland\/?page_id=157\"]}]},{\"@type\":\"BreadcrumbList\",\"@id\":\"https:\/\/sbi.bw-media.saarland\/?page_id=157#breadcrumb\",\"itemListElement\":[{\"@type\":\"ListItem\",\"position\":1,\"name\":\"Startseite\",\"item\":\"https:\/\/sbi.bw-media.saarland\/\"},{\"@type\":\"ListItem\",\"position\":2,\"name\":\"mauer u keller trocknung\"}]},{\"@type\":\"WebSite\",\"@id\":\"https:\/\/sbi.bw-media.saarland\/#website\",\"url\":\"https:\/\/sbi.bw-media.saarland\/\",\"name\":\"SBI\",\"description\":\"\",\"potentialAction\":[{\"@type\":\"SearchAction\",\"target\":{\"@type\":\"EntryPoint\",\"urlTemplate\":\"https:\/\/sbi.bw-media.saarland\/?s={search_term_string}\"},\"query-input\":{\"@type\":\"PropertyValueSpecification\",\"valueRequired\":true,\"valueName\":\"search_term_string\"}}],\"inLanguage\":\"de\"}]}<\/script>\n<!-- \/ Yoast SEO plugin. -->","yoast_head_json":{"title":"mauer u keller trocknung - SBI","robots":{"index":"index","follow":"follow","max-snippet":"max-snippet:-1","max-image-preview":"max-image-preview:large","max-video-preview":"max-video-preview:-1"},"canonical":"https:\/\/sbi.bw-media.saarland\/?page_id=157","og_locale":"de_DE","og_type":"article","og_title":"mauer u keller trocknung - SBI","og_description":"Mauer und Kellertrockenlegung Unser Spezialgebiet SBI GmbH Roland Ke\u00dfler&nbsp;|&nbsp;Poststrasse 15&nbsp;|&nbsp;66822 Lebach&nbsp;|&nbsp;06881 \/ 9627070 | B\u00fcro von 8:00 Uhr - 12:00 Uhr Mauer und Kellertrockenlegung Dies sind meist nachtr\u00e4gliche Horizontalsperren und ein Austausch des salzgesch\u00e4digten Putzes. Aufsteigende N\u00e4sse kommt meist schleichend und wird lange Zeit nicht wahrgenommen. Meist kommt der Gedanke an Mauertrocknung erst auf, wenn [&hellip;]","og_url":"https:\/\/sbi.bw-media.saarland\/?page_id=157","og_site_name":"SBI","article_modified_time":"2025-08-25T10:03:43+00:00","twitter_card":"summary_large_image","schema":{"@context":"https:\/\/schema.org","@graph":[{"@type":"WebPage","@id":"https:\/\/sbi.bw-media.saarland\/?page_id=157","url":"https:\/\/sbi.bw-media.saarland\/?page_id=157","name":"mauer u keller trocknung - SBI","isPartOf":{"@id":"https:\/\/sbi.bw-media.saarland\/#website"},"datePublished":"2025-08-08T06:46:48+00:00","dateModified":"2025-08-25T10:03:43+00:00","breadcrumb":{"@id":"https:\/\/sbi.bw-media.saarland\/?page_id=157#breadcrumb"},"inLanguage":"de","potentialAction":[{"@type":"ReadAction","target":["https:\/\/sbi.bw-media.saarland\/?page_id=157"]}]},{"@type":"BreadcrumbList","@id":"https:\/\/sbi.bw-media.saarland\/?page_id=157#breadcrumb","itemListElement":[{"@type":"ListItem","position":1,"name":"Startseite","item":"https:\/\/sbi.bw-media.saarland\/"},{"@type":"ListItem","position":2,"name":"mauer u keller trocknung"}]},{"@type":"WebSite","@id":"https:\/\/sbi.bw-media.saarland\/#website","url":"https:\/\/sbi.bw-media.saarland\/","name":"SBI","description":"","potentialAction":[{"@type":"SearchAction","target":{"@type":"EntryPoint","urlTemplate":"https:\/\/sbi.bw-media.saarland\/?s={search_term_string}"},"query-input":{"@type":"PropertyValueSpecification","valueRequired":true,"valueName":"search_term_string"}}],"inLanguage":"de"}]}},"_links":{"self":[{"href":"https:\/\/sbi.bw-media.saarland\/index.php?rest_route=\/wp\/v2\/pages\/157","targetHints":{"allow":["GET"]}}],"collection":[{"href":"https:\/\/sbi.bw-media.saarland\/index.php?rest_route=\/wp\/v2\/pages"}],"about":[{"href":"https:\/\/sbi.bw-media.saarland\/index.php?rest_route=\/wp\/v2\/types\/page"}],"author":[{"embeddable":true,"href":"https:\/\/sbi.bw-media.saarland\/index.php?rest_route=\/wp\/v2\/users\/2"}],"replies":[{"embeddable":true,"href":"https:\/\/sbi.bw-media.saarland\/index.php?rest_route=%2Fwp%2Fv2%2Fcomments&post=157"}],"version-history":[{"count":6,"href":"https:\/\/sbi.bw-media.saarland\/index.php?rest_route=\/wp\/v2\/pages\/157\/revisions"}],"predecessor-version":[{"id":166,"href":"https:\/\/sbi.bw-media.saarland\/index.php?rest_route=\/wp\/v2\/pages\/157\/revisions\/166"}],"wp:attachment":[{"href":"https:\/\/sbi.bw-media.saarland\/index.php?rest_route=%2Fwp%2Fv2%2Fmedia&parent=157"}],"curies":[{"name":"wp","href":"https:\/\/api.w.org\/{rel}","templated":true}]}}